{"id":33,"date":"2023-01-26T22:30:58","date_gmt":"2023-01-26T21:30:58","guid":{"rendered":"https:\/\/au-six.eu\/?page_id=33"},"modified":"2026-01-16T13:55:07","modified_gmt":"2026-01-16T12:55:07","slug":"about","status":"publish","type":"page","link":"https:\/\/au-six.eu\/","title":{"rendered":"Au Six"},"content":{"rendered":"\n<h2 class=\"wp-block-heading has-large-font-size\" id=\"inspiro-is-a-digital-product-agency-that-focuses-on-strategy-and-design\" style=\"font-style:normal;font-weight:100\"><strong>Chambres d&rsquo;h\u00f4tes \u00e0 Altorf 6 rue du couvent<\/strong><\/h2>\n\n\n\n<div style=\"height:100px\" aria-hidden=\"true\" class=\"wp-block-spacer\"><\/div>\n\n\n\n<div class=\"wp-block-columns alignwide is-layout-flex wp-container-core-columns-is-layout-9d6595d7 wp-block-columns-is-layout-flex\">\n<div class=\"wp-block-column is-layout-flow wp-block-column-is-layout-flow\">\n<figure class=\"wp-block-gallery has-nested-images columns-default is-cropped wp-block-gallery-1 is-layout-flex wp-block-gallery-is-layout-flex\">\n<figure class=\"wp-block-image size-large\"><img loading=\"lazy\" decoding=\"async\" width=\"1024\" height=\"768\" data-id=\"67\" src=\"https:\/\/au-six.eu\/wp-content\/uploads\/2023\/01\/CH-ET-1024x768.jpg\" alt=\"\" class=\"wp-image-67\" srcset=\"https:\/\/au-six.eu\/wp-content\/uploads\/2023\/01\/CH-ET-1024x768.jpg 1024w, https:\/\/au-six.eu\/wp-content\/uploads\/2023\/01\/CH-ET-300x225.jpg 300w, https:\/\/au-six.eu\/wp-content\/uploads\/2023\/01\/CH-ET-768x576.jpg 768w, https:\/\/au-six.eu\/wp-content\/uploads\/2023\/01\/CH-ET-1536x1152.jpg 1536w, https:\/\/au-six.eu\/wp-content\/uploads\/2023\/01\/CH-ET-2048x1536.jpg 2048w, https:\/\/au-six.eu\/wp-content\/uploads\/2023\/01\/CH-ET-2000x1500.jpg 2000w\" sizes=\"auto, (max-width: 1024px) 100vw, 1024px\" \/><\/figure>\n<\/figure>\n\n\n\n<p class=\"has-black-color has-text-color has-medium-font-size\"><a href=\"#\">Les chambres<\/a><\/p>\n\n\n\n<p class=\"has-text-color\" style=\"color:#7a7a7a\">La maison dispose de trois chambres pouvant accueillir jusqu&rsquo;\u00e0 7 adultes. Le prix d&rsquo;une chambre pour deux personnes est de 130\u20ac par nuit. Les petits d\u00e9jeuners sont inclus. Pour la p\u00e9riode de l&rsquo;avent le prix est de 140\u20ac. Pour les p\u00e9riodes de No\u00ebl veuillez me consulter.<\/p>\n<\/div>\n\n\n\n<div class=\"wp-block-column is-layout-flow wp-block-column-is-layout-flow\">\n<figure class=\"wp-block-gallery has-nested-images columns-default is-cropped wp-block-gallery-2 is-layout-flex wp-block-gallery-is-layout-flex\">\n<figure class=\"wp-block-image size-large\"><img loading=\"lazy\" decoding=\"async\" width=\"1024\" height=\"768\" data-id=\"55\" src=\"https:\/\/au-six.eu\/wp-content\/uploads\/2023\/01\/CC5-1024x768.jpg\" alt=\"\" class=\"wp-image-55\" srcset=\"https:\/\/au-six.eu\/wp-content\/uploads\/2023\/01\/CC5-1024x768.jpg 1024w, https:\/\/au-six.eu\/wp-content\/uploads\/2023\/01\/CC5-300x225.jpg 300w, https:\/\/au-six.eu\/wp-content\/uploads\/2023\/01\/CC5-768x576.jpg 768w, https:\/\/au-six.eu\/wp-content\/uploads\/2023\/01\/CC5-1536x1152.jpg 1536w, https:\/\/au-six.eu\/wp-content\/uploads\/2023\/01\/CC5-2048x1536.jpg 2048w, https:\/\/au-six.eu\/wp-content\/uploads\/2023\/01\/CC5-2000x1500.jpg 2000w\" sizes=\"auto, (max-width: 1024px) 100vw, 1024px\" \/><\/figure>\n<\/figure>\n\n\n\n<p class=\"has-black-color has-text-color has-medium-font-size\"><a href=\"#\">La table d&rsquo;h\u00f4tes<\/a><\/p>\n\n\n\n<p class=\"has-text-color\" style=\"color:#7a7a7a\">Sur demande je peux cuisiner pour vous et vos amis. Je reste \u00e0 votre disposition pour les tarifs et les demandes sp\u00e9ciales.<\/p>\n<\/div>\n\n\n\n<div class=\"wp-block-column is-layout-flow wp-block-column-is-layout-flow\">\n<figure class=\"wp-block-gallery has-nested-images columns-default is-cropped wp-block-gallery-3 is-layout-flex wp-block-gallery-is-layout-flex\">\n<figure class=\"wp-block-image size-large\"><img loading=\"lazy\" decoding=\"async\" width=\"1024\" height=\"768\" data-id=\"65\" src=\"https:\/\/au-six.eu\/wp-content\/uploads\/2023\/01\/IMG_8038-2-1024x768.jpg\" alt=\"\" class=\"wp-image-65\" srcset=\"https:\/\/au-six.eu\/wp-content\/uploads\/2023\/01\/IMG_8038-2-1024x768.jpg 1024w, https:\/\/au-six.eu\/wp-content\/uploads\/2023\/01\/IMG_8038-2-300x225.jpg 300w, https:\/\/au-six.eu\/wp-content\/uploads\/2023\/01\/IMG_8038-2-768x576.jpg 768w, https:\/\/au-six.eu\/wp-content\/uploads\/2023\/01\/IMG_8038-2-1536x1152.jpg 1536w, https:\/\/au-six.eu\/wp-content\/uploads\/2023\/01\/IMG_8038-2-2048x1536.jpg 2048w, https:\/\/au-six.eu\/wp-content\/uploads\/2023\/01\/IMG_8038-2-2000x1500.jpg 2000w\" sizes=\"auto, (max-width: 1024px) 100vw, 1024px\" \/><\/figure>\n<\/figure>\n\n\n\n<p class=\"has-black-color has-text-color has-medium-font-size\"><a href=\"#\">Services<\/a><\/p>\n\n\n\n<p class=\"has-text-color\" style=\"color:#7a7a7a\">Il est possible d&rsquo;organiser des \u00e9v\u00e9nements dans la maison ou dans la grange <\/p>\n<\/div>\n<\/div>\n\n\n\n<div style=\"height:100px\" aria-hidden=\"true\" class=\"wp-block-spacer\"><\/div>\n\n\n\n<div class=\"wp-block-cover alignfull\" style=\"padding-top:50px;padding-right:50px;padding-bottom:50px;padding-left:50px;min-height:316px;aspect-ratio:unset;\"><span aria-hidden=\"true\" class=\"wp-block-cover__background has-black-background-color has-background-dim-100 has-background-dim\"><\/span><div class=\"wp-block-cover__inner-container is-layout-flow wp-block-cover-is-layout-flow\">\n<p>Vous pouvez nous retrouver sur Instagram : <\/p>\n\n\n\n<p><a href=\"https:\/\/www.instagram.com\/au.six\/\">https:\/\/www.instagram.com\/au.six\/<\/a><\/p>\n<\/div><\/div>\n\n\n\n<figure class=\"wp-block-gallery has-nested-images columns-default is-cropped wp-block-gallery-4 is-layout-flex wp-block-gallery-is-layout-flex\">\n<figure class=\"wp-block-image size-large\"><img loading=\"lazy\" decoding=\"async\" width=\"768\" height=\"1024\" data-id=\"111\" src=\"https:\/\/au-six.eu\/wp-content\/uploads\/2023\/01\/67320016666__C1E8146B-1744-4669-AB51-67E575404AEA-768x1024.jpg\" alt=\"\" class=\"wp-image-111\" srcset=\"https:\/\/au-six.eu\/wp-content\/uploads\/2023\/01\/67320016666__C1E8146B-1744-4669-AB51-67E575404AEA-768x1024.jpg 768w, https:\/\/au-six.eu\/wp-content\/uploads\/2023\/01\/67320016666__C1E8146B-1744-4669-AB51-67E575404AEA-225x300.jpg 225w, https:\/\/au-six.eu\/wp-content\/uploads\/2023\/01\/67320016666__C1E8146B-1744-4669-AB51-67E575404AEA-1152x1536.jpg 1152w, https:\/\/au-six.eu\/wp-content\/uploads\/2023\/01\/67320016666__C1E8146B-1744-4669-AB51-67E575404AEA-1536x2048.jpg 1536w, https:\/\/au-six.eu\/wp-content\/uploads\/2023\/01\/67320016666__C1E8146B-1744-4669-AB51-67E575404AEA-2000x2667.jpg 2000w, https:\/\/au-six.eu\/wp-content\/uploads\/2023\/01\/67320016666__C1E8146B-1744-4669-AB51-67E575404AEA-scaled.jpg 1920w\" sizes=\"auto, (max-width: 768px) 100vw, 768px\" \/><\/figure>\n\n\n\n<figure class=\"wp-block-image size-large\"><img loading=\"lazy\" decoding=\"async\" width=\"1024\" height=\"768\" data-id=\"98\" src=\"https:\/\/au-six.eu\/wp-content\/uploads\/2023\/01\/6c119c87-18e3-4336-a874-9b237832d469-2.jpg\" alt=\"\" class=\"wp-image-98\" srcset=\"https:\/\/au-six.eu\/wp-content\/uploads\/2023\/01\/6c119c87-18e3-4336-a874-9b237832d469-2.jpg 1024w, https:\/\/au-six.eu\/wp-content\/uploads\/2023\/01\/6c119c87-18e3-4336-a874-9b237832d469-2-300x225.jpg 300w, https:\/\/au-six.eu\/wp-content\/uploads\/2023\/01\/6c119c87-18e3-4336-a874-9b237832d469-2-768x576.jpg 768w\" sizes=\"auto, (max-width: 1024px) 100vw, 1024px\" \/><\/figure>\n\n\n\n<figure class=\"wp-block-image size-large\"><img loading=\"lazy\" decoding=\"async\" width=\"768\" height=\"1024\" data-id=\"120\" src=\"https:\/\/au-six.eu\/wp-content\/uploads\/2023\/01\/IMG_8771-768x1024.jpg\" alt=\"\" class=\"wp-image-120\" srcset=\"https:\/\/au-six.eu\/wp-content\/uploads\/2023\/01\/IMG_8771-768x1024.jpg 768w, https:\/\/au-six.eu\/wp-content\/uploads\/2023\/01\/IMG_8771-225x300.jpg 225w, https:\/\/au-six.eu\/wp-content\/uploads\/2023\/01\/IMG_8771-1152x1536.jpg 1152w, https:\/\/au-six.eu\/wp-content\/uploads\/2023\/01\/IMG_8771-1536x2048.jpg 1536w, https:\/\/au-six.eu\/wp-content\/uploads\/2023\/01\/IMG_8771-2000x2667.jpg 2000w, https:\/\/au-six.eu\/wp-content\/uploads\/2023\/01\/IMG_8771-scaled.jpg 1920w\" sizes=\"auto, (max-width: 768px) 100vw, 768px\" \/><\/figure>\n\n\n\n<figure class=\"wp-block-image size-large\"><img loading=\"lazy\" decoding=\"async\" width=\"1024\" height=\"768\" data-id=\"97\" src=\"https:\/\/au-six.eu\/wp-content\/uploads\/2023\/01\/94dafff4-fb12-473a-8f7b-a9d935f1101d.jpg\" alt=\"\" class=\"wp-image-97\" srcset=\"https:\/\/au-six.eu\/wp-content\/uploads\/2023\/01\/94dafff4-fb12-473a-8f7b-a9d935f1101d.jpg 1024w, https:\/\/au-six.eu\/wp-content\/uploads\/2023\/01\/94dafff4-fb12-473a-8f7b-a9d935f1101d-300x225.jpg 300w, https:\/\/au-six.eu\/wp-content\/uploads\/2023\/01\/94dafff4-fb12-473a-8f7b-a9d935f1101d-768x576.jpg 768w\" sizes=\"auto, (max-width: 1024px) 100vw, 1024px\" \/><\/figure>\n\n\n\n<figure class=\"wp-block-image size-large\"><img loading=\"lazy\" decoding=\"async\" width=\"768\" height=\"1024\" data-id=\"103\" src=\"https:\/\/au-six.eu\/wp-content\/uploads\/2023\/01\/67510492173__22171A75-2F50-4925-91AD-8CA2B08FF547-768x1024.jpg\" alt=\"\" class=\"wp-image-103\" srcset=\"https:\/\/au-six.eu\/wp-content\/uploads\/2023\/01\/67510492173__22171A75-2F50-4925-91AD-8CA2B08FF547-768x1024.jpg 768w, https:\/\/au-six.eu\/wp-content\/uploads\/2023\/01\/67510492173__22171A75-2F50-4925-91AD-8CA2B08FF547-225x300.jpg 225w, https:\/\/au-six.eu\/wp-content\/uploads\/2023\/01\/67510492173__22171A75-2F50-4925-91AD-8CA2B08FF547-1152x1536.jpg 1152w, https:\/\/au-six.eu\/wp-content\/uploads\/2023\/01\/67510492173__22171A75-2F50-4925-91AD-8CA2B08FF547-1536x2048.jpg 1536w, https:\/\/au-six.eu\/wp-content\/uploads\/2023\/01\/67510492173__22171A75-2F50-4925-91AD-8CA2B08FF547-2000x2667.jpg 2000w, https:\/\/au-six.eu\/wp-content\/uploads\/2023\/01\/67510492173__22171A75-2F50-4925-91AD-8CA2B08FF547-scaled.jpg 1920w\" sizes=\"auto, (max-width: 768px) 100vw, 768px\" \/><\/figure>\n\n\n\n<figure class=\"wp-block-image size-large\"><img loading=\"lazy\" decoding=\"async\" width=\"1024\" height=\"768\" data-id=\"99\" src=\"https:\/\/au-six.eu\/wp-content\/uploads\/2023\/01\/IMG_3057-1024x768.jpg\" alt=\"\" class=\"wp-image-99\" srcset=\"https:\/\/au-six.eu\/wp-content\/uploads\/2023\/01\/IMG_3057-1024x768.jpg 1024w, https:\/\/au-six.eu\/wp-content\/uploads\/2023\/01\/IMG_3057-300x225.jpg 300w, https:\/\/au-six.eu\/wp-content\/uploads\/2023\/01\/IMG_3057-768x576.jpg 768w, https:\/\/au-six.eu\/wp-content\/uploads\/2023\/01\/IMG_3057-1536x1152.jpg 1536w, https:\/\/au-six.eu\/wp-content\/uploads\/2023\/01\/IMG_3057-2048x1536.jpg 2048w, https:\/\/au-six.eu\/wp-content\/uploads\/2023\/01\/IMG_3057-2000x1500.jpg 2000w\" sizes=\"auto, (max-width: 1024px) 100vw, 1024px\" \/><\/figure>\n\n\n\n<figure class=\"wp-block-image size-large\"><img loading=\"lazy\" decoding=\"async\" width=\"1024\" height=\"768\" data-id=\"101\" src=\"https:\/\/au-six.eu\/wp-content\/uploads\/2023\/01\/IMG_3058-1024x768.jpg\" alt=\"\" class=\"wp-image-101\" srcset=\"https:\/\/au-six.eu\/wp-content\/uploads\/2023\/01\/IMG_3058-1024x768.jpg 1024w, https:\/\/au-six.eu\/wp-content\/uploads\/2023\/01\/IMG_3058-300x225.jpg 300w, https:\/\/au-six.eu\/wp-content\/uploads\/2023\/01\/IMG_3058-768x576.jpg 768w, https:\/\/au-six.eu\/wp-content\/uploads\/2023\/01\/IMG_3058-1536x1152.jpg 1536w, https:\/\/au-six.eu\/wp-content\/uploads\/2023\/01\/IMG_3058-2048x1536.jpg 2048w, https:\/\/au-six.eu\/wp-content\/uploads\/2023\/01\/IMG_3058-2000x1500.jpg 2000w\" sizes=\"auto, (max-width: 1024px) 100vw, 1024px\" \/><\/figure>\n\n\n\n<figure class=\"wp-block-image size-large\"><img loading=\"lazy\" decoding=\"async\" width=\"1024\" height=\"768\" data-id=\"102\" src=\"https:\/\/au-six.eu\/wp-content\/uploads\/2023\/01\/IMG_3062-1024x768.jpg\" alt=\"\" class=\"wp-image-102\" srcset=\"https:\/\/au-six.eu\/wp-content\/uploads\/2023\/01\/IMG_3062-1024x768.jpg 1024w, https:\/\/au-six.eu\/wp-content\/uploads\/2023\/01\/IMG_3062-300x225.jpg 300w, https:\/\/au-six.eu\/wp-content\/uploads\/2023\/01\/IMG_3062-768x576.jpg 768w, https:\/\/au-six.eu\/wp-content\/uploads\/2023\/01\/IMG_3062-1536x1152.jpg 1536w, https:\/\/au-six.eu\/wp-content\/uploads\/2023\/01\/IMG_3062-2048x1536.jpg 2048w, https:\/\/au-six.eu\/wp-content\/uploads\/2023\/01\/IMG_3062-2000x1500.jpg 2000w\" sizes=\"auto, (max-width: 1024px) 100vw, 1024px\" \/><\/figure>\n\n\n\n<figure class=\"wp-block-image size-large\"><img loading=\"lazy\" decoding=\"async\" width=\"768\" height=\"1024\" data-id=\"107\" src=\"https:\/\/au-six.eu\/wp-content\/uploads\/2023\/01\/IMG_8037-2-768x1024.jpg\" alt=\"\" class=\"wp-image-107\" srcset=\"https:\/\/au-six.eu\/wp-content\/uploads\/2023\/01\/IMG_8037-2-768x1024.jpg 768w, https:\/\/au-six.eu\/wp-content\/uploads\/2023\/01\/IMG_8037-2-225x300.jpg 225w, https:\/\/au-six.eu\/wp-content\/uploads\/2023\/01\/IMG_8037-2-1152x1536.jpg 1152w, https:\/\/au-six.eu\/wp-content\/uploads\/2023\/01\/IMG_8037-2-1536x2048.jpg 1536w, https:\/\/au-six.eu\/wp-content\/uploads\/2023\/01\/IMG_8037-2-2000x2667.jpg 2000w, https:\/\/au-six.eu\/wp-content\/uploads\/2023\/01\/IMG_8037-2-scaled.jpg 1920w\" sizes=\"auto, (max-width: 768px) 100vw, 768px\" \/><\/figure>\n\n\n\n<figure class=\"wp-block-image size-large\"><img loading=\"lazy\" decoding=\"async\" width=\"1024\" height=\"768\" data-id=\"105\" src=\"https:\/\/au-six.eu\/wp-content\/uploads\/2023\/01\/IMG_8038-2-1-1024x768.jpg\" alt=\"\" class=\"wp-image-105\" srcset=\"https:\/\/au-six.eu\/wp-content\/uploads\/2023\/01\/IMG_8038-2-1-1024x768.jpg 1024w, https:\/\/au-six.eu\/wp-content\/uploads\/2023\/01\/IMG_8038-2-1-300x225.jpg 300w, https:\/\/au-six.eu\/wp-content\/uploads\/2023\/01\/IMG_8038-2-1-768x576.jpg 768w, https:\/\/au-six.eu\/wp-content\/uploads\/2023\/01\/IMG_8038-2-1-1536x1152.jpg 1536w, https:\/\/au-six.eu\/wp-content\/uploads\/2023\/01\/IMG_8038-2-1-2048x1536.jpg 2048w, https:\/\/au-six.eu\/wp-content\/uploads\/2023\/01\/IMG_8038-2-1-2000x1500.jpg 2000w\" sizes=\"auto, (max-width: 1024px) 100vw, 1024px\" \/><\/figure>\n\n\n\n<figure class=\"wp-block-image size-large\"><img loading=\"lazy\" decoding=\"async\" width=\"768\" height=\"1024\" data-id=\"112\" src=\"https:\/\/au-six.eu\/wp-content\/uploads\/2023\/01\/IMG_8054-2-768x1024.jpg\" alt=\"\" class=\"wp-image-112\" srcset=\"https:\/\/au-six.eu\/wp-content\/uploads\/2023\/01\/IMG_8054-2-768x1024.jpg 768w, https:\/\/au-six.eu\/wp-content\/uploads\/2023\/01\/IMG_8054-2-225x300.jpg 225w, https:\/\/au-six.eu\/wp-content\/uploads\/2023\/01\/IMG_8054-2-1152x1536.jpg 1152w, https:\/\/au-six.eu\/wp-content\/uploads\/2023\/01\/IMG_8054-2-1536x2048.jpg 1536w, https:\/\/au-six.eu\/wp-content\/uploads\/2023\/01\/IMG_8054-2-2000x2667.jpg 2000w, https:\/\/au-six.eu\/wp-content\/uploads\/2023\/01\/IMG_8054-2-scaled.jpg 1920w\" sizes=\"auto, (max-width: 768px) 100vw, 768px\" \/><\/figure>\n\n\n\n<figure class=\"wp-block-image size-large\"><img loading=\"lazy\" decoding=\"async\" width=\"1024\" height=\"768\" data-id=\"109\" src=\"https:\/\/au-six.eu\/wp-content\/uploads\/2023\/01\/IMG_8743-2-1024x768.jpg\" alt=\"\" class=\"wp-image-109\" srcset=\"https:\/\/au-six.eu\/wp-content\/uploads\/2023\/01\/IMG_8743-2-1024x768.jpg 1024w, https:\/\/au-six.eu\/wp-content\/uploads\/2023\/01\/IMG_8743-2-300x225.jpg 300w, https:\/\/au-six.eu\/wp-content\/uploads\/2023\/01\/IMG_8743-2-768x576.jpg 768w, https:\/\/au-six.eu\/wp-content\/uploads\/2023\/01\/IMG_8743-2-1536x1152.jpg 1536w, https:\/\/au-six.eu\/wp-content\/uploads\/2023\/01\/IMG_8743-2-2048x1536.jpg 2048w, https:\/\/au-six.eu\/wp-content\/uploads\/2023\/01\/IMG_8743-2-2000x1500.jpg 2000w\" sizes=\"auto, (max-width: 1024px) 100vw, 1024px\" \/><\/figure>\n\n\n\n<figure class=\"wp-block-image size-large\"><img loading=\"lazy\" decoding=\"async\" width=\"768\" height=\"1024\" data-id=\"108\" src=\"https:\/\/au-six.eu\/wp-content\/uploads\/2023\/01\/IMG_8995-768x1024.jpg\" alt=\"\" class=\"wp-image-108\" srcset=\"https:\/\/au-six.eu\/wp-content\/uploads\/2023\/01\/IMG_8995-768x1024.jpg 768w, https:\/\/au-six.eu\/wp-content\/uploads\/2023\/01\/IMG_8995-225x300.jpg 225w, https:\/\/au-six.eu\/wp-content\/uploads\/2023\/01\/IMG_8995-1152x1536.jpg 1152w, https:\/\/au-six.eu\/wp-content\/uploads\/2023\/01\/IMG_8995-1536x2048.jpg 1536w, https:\/\/au-six.eu\/wp-content\/uploads\/2023\/01\/IMG_8995-2000x2667.jpg 2000w, https:\/\/au-six.eu\/wp-content\/uploads\/2023\/01\/IMG_8995-scaled.jpg 1920w\" sizes=\"auto, (max-width: 768px) 100vw, 768px\" \/><\/figure>\n\n\n\n<figure class=\"wp-block-image size-large\"><img loading=\"lazy\" decoding=\"async\" width=\"768\" height=\"1024\" data-id=\"110\" src=\"https:\/\/au-six.eu\/wp-content\/uploads\/2023\/01\/IMG_9770-768x1024.jpg\" alt=\"\" class=\"wp-image-110\" srcset=\"https:\/\/au-six.eu\/wp-content\/uploads\/2023\/01\/IMG_9770-768x1024.jpg 768w, https:\/\/au-six.eu\/wp-content\/uploads\/2023\/01\/IMG_9770-225x300.jpg 225w, https:\/\/au-six.eu\/wp-content\/uploads\/2023\/01\/IMG_9770-1152x1536.jpg 1152w, https:\/\/au-six.eu\/wp-content\/uploads\/2023\/01\/IMG_9770-1536x2048.jpg 1536w, https:\/\/au-six.eu\/wp-content\/uploads\/2023\/01\/IMG_9770-2000x2667.jpg 2000w, https:\/\/au-six.eu\/wp-content\/uploads\/2023\/01\/IMG_9770-scaled.jpg 1920w\" sizes=\"auto, (max-width: 768px) 100vw, 768px\" \/><\/figure>\n\n\n\n<figure class=\"wp-block-image size-large\"><img loading=\"lazy\" decoding=\"async\" width=\"768\" height=\"1024\" data-id=\"114\" src=\"https:\/\/au-six.eu\/wp-content\/uploads\/2023\/01\/IMG_2327-768x1024.jpg\" alt=\"\" class=\"wp-image-114\" srcset=\"https:\/\/au-six.eu\/wp-content\/uploads\/2023\/01\/IMG_2327-768x1024.jpg 768w, https:\/\/au-six.eu\/wp-content\/uploads\/2023\/01\/IMG_2327-225x300.jpg 225w, https:\/\/au-six.eu\/wp-content\/uploads\/2023\/01\/IMG_2327-1152x1536.jpg 1152w, https:\/\/au-six.eu\/wp-content\/uploads\/2023\/01\/IMG_2327-1536x2048.jpg 1536w, https:\/\/au-six.eu\/wp-content\/uploads\/2023\/01\/IMG_2327-2000x2667.jpg 2000w, https:\/\/au-six.eu\/wp-content\/uploads\/2023\/01\/IMG_2327-scaled.jpg 1920w\" sizes=\"auto, (max-width: 768px) 100vw, 768px\" \/><\/figure>\n\n\n\n<figure class=\"wp-block-image size-large\"><img loading=\"lazy\" decoding=\"async\" width=\"1024\" height=\"1024\" data-id=\"115\" src=\"https:\/\/au-six.eu\/wp-content\/uploads\/2023\/01\/IMG_2423-1024x1024.jpg\" alt=\"\" class=\"wp-image-115\" srcset=\"https:\/\/au-six.eu\/wp-content\/uploads\/2023\/01\/IMG_2423-1024x1024.jpg 1024w, https:\/\/au-six.eu\/wp-content\/uploads\/2023\/01\/IMG_2423-300x300.jpg 300w, https:\/\/au-six.eu\/wp-content\/uploads\/2023\/01\/IMG_2423-150x150.jpg 150w, https:\/\/au-six.eu\/wp-content\/uploads\/2023\/01\/IMG_2423-768x768.jpg 768w, https:\/\/au-six.eu\/wp-content\/uploads\/2023\/01\/IMG_2423-1536x1536.jpg 1536w, https:\/\/au-six.eu\/wp-content\/uploads\/2023\/01\/IMG_2423-2048x2048.jpg 2048w, https:\/\/au-six.eu\/wp-content\/uploads\/2023\/01\/IMG_2423-2000x2000.jpg 2000w\" sizes=\"auto, (max-width: 1024px) 100vw, 1024px\" \/><\/figure>\n\n\n\n<figure class=\"wp-block-image size-large\"><img loading=\"lazy\" decoding=\"async\" width=\"1024\" height=\"768\" data-id=\"116\" src=\"https:\/\/au-six.eu\/wp-content\/uploads\/2023\/01\/IMG_4197-1024x768.jpg\" alt=\"\" class=\"wp-image-116\" srcset=\"https:\/\/au-six.eu\/wp-content\/uploads\/2023\/01\/IMG_4197-1024x768.jpg 1024w, https:\/\/au-six.eu\/wp-content\/uploads\/2023\/01\/IMG_4197-300x225.jpg 300w, https:\/\/au-six.eu\/wp-content\/uploads\/2023\/01\/IMG_4197-768x576.jpg 768w, https:\/\/au-six.eu\/wp-content\/uploads\/2023\/01\/IMG_4197-1536x1152.jpg 1536w, https:\/\/au-six.eu\/wp-content\/uploads\/2023\/01\/IMG_4197-2048x1536.jpg 2048w, https:\/\/au-six.eu\/wp-content\/uploads\/2023\/01\/IMG_4197-2000x1500.jpg 2000w\" sizes=\"auto, (max-width: 1024px) 100vw, 1024px\" \/><\/figure>\n\n\n\n<figure class=\"wp-block-image size-large\"><img loading=\"lazy\" decoding=\"async\" width=\"768\" height=\"1024\" data-id=\"117\" src=\"https:\/\/au-six.eu\/wp-content\/uploads\/2023\/01\/IMG_4440-768x1024.jpg\" alt=\"\" class=\"wp-image-117\" srcset=\"https:\/\/au-six.eu\/wp-content\/uploads\/2023\/01\/IMG_4440-768x1024.jpg 768w, https:\/\/au-six.eu\/wp-content\/uploads\/2023\/01\/IMG_4440-225x300.jpg 225w, https:\/\/au-six.eu\/wp-content\/uploads\/2023\/01\/IMG_4440-1152x1536.jpg 1152w, https:\/\/au-six.eu\/wp-content\/uploads\/2023\/01\/IMG_4440-1536x2048.jpg 1536w, https:\/\/au-six.eu\/wp-content\/uploads\/2023\/01\/IMG_4440-2000x2667.jpg 2000w, https:\/\/au-six.eu\/wp-content\/uploads\/2023\/01\/IMG_4440-scaled.jpg 1920w\" sizes=\"auto, (max-width: 768px) 100vw, 768px\" \/><\/figure>\n<\/figure>\n","protected":false},"excerpt":{"rendered":"<p>Chambres d&rsquo;h\u00f4tes \u00e0 Altorf 6 rue du couvent Les chambres La maison dispose de trois chambres pouvant accueillir jusqu&rsquo;\u00e0 7 adultes. Le prix d&rsquo;une chambre pour deux personnes est de 130\u20ac par nuit. Les petits d\u00e9jeuners sont inclus. Pour la p\u00e9riode de l&rsquo;avent le prix est de 140\u20ac. Pour les p\u00e9riodes de No\u00ebl veuillez me &hellip; <\/p>\n<p class=\"link-more\"><a href=\"https:\/\/au-six.eu\/\" class=\"more-link\">Lire la suite de<span class=\"screen-reader-text\">\u00ab\u00a0Au Six\u00a0\u00bb<\/span><\/a><\/p>\n","protected":false},"author":1,"featured_media":31,"parent":0,"menu_order":0,"comment_status":"closed","ping_status":"closed","template":"","meta":{"footnotes":""},"class_list":["post-33","page","type-page","status-publish","has-post-thumbnail","hentry"],"_links":{"self":[{"href":"https:\/\/au-six.eu\/index.php\/wp-json\/wp\/v2\/pages\/33","targetHints":{"allow":["GET"]}}],"collection":[{"href":"https:\/\/au-six.eu\/index.php\/wp-json\/wp\/v2\/pages"}],"about":[{"href":"https:\/\/au-six.eu\/index.php\/wp-json\/wp\/v2\/types\/page"}],"author":[{"embeddable":true,"href":"https:\/\/au-six.eu\/index.php\/wp-json\/wp\/v2\/users\/1"}],"replies":[{"embeddable":true,"href":"https:\/\/au-six.eu\/index.php\/wp-json\/wp\/v2\/comments?post=33"}],"version-history":[{"count":20,"href":"https:\/\/au-six.eu\/index.php\/wp-json\/wp\/v2\/pages\/33\/revisions"}],"predecessor-version":[{"id":140,"href":"https:\/\/au-six.eu\/index.php\/wp-json\/wp\/v2\/pages\/33\/revisions\/140"}],"wp:featuredmedia":[{"embeddable":true,"href":"https:\/\/au-six.eu\/index.php\/wp-json\/wp\/v2\/media\/31"}],"wp:attachment":[{"href":"https:\/\/au-six.eu\/index.php\/wp-json\/wp\/v2\/media?parent=33"}],"curies":[{"name":"wp","href":"https:\/\/api.w.org\/{rel}","templated":true}]}}